{"id":11963,"date":"2024-03-24T21:19:40","date_gmt":"2024-03-24T19:19:40","guid":{"rendered":"https:\/\/flagship-eg.com\/site\/?post_type=product&#038;p=11963"},"modified":"2024-03-24T21:19:41","modified_gmt":"2024-03-24T19:19:41","slug":"np62","status":"publish","type":"product","link":"https:\/\/flagship-eg.com\/site\/product\/np62\/","title":{"rendered":"NP62"},"content":{"rendered":"","protected":false},"excerpt":{"rendered":"<ul>\n<li>\n<h4>SAILING DIRECTION<\/h4>\n<\/li>\n<li>\n<h4>TITLE: Pacific Islands Pilot Vol 3<\/h4>\n<\/li>\n<li>\n<h4>EDITION : 15th, 2020<\/h4>\n<\/li>\n<li>\n<h4>PUBLISHER: UKHO<\/h4>\n<\/li>\n<li>\n<h4>LANGUAGE: ENGLISH<\/h4>\n<\/li>\n<li>\n<h4>IMPA CODE: <strong>370983<\/strong><\/h4>\n<\/li>\n<li>\n<h4><b>Pacific Islands Pilot Vol. III (NP 62)<\/b>\u00a0in the British Admiralty Sailing Directions series. It covers the islands of the central part of the Pacific Ocean, including Isla Sala y G\u00f3mez, \u00celes Australes, Cook Islands, \u00celes de la Soci\u00e9t\u00e9, Archipel des Tuamotu, \u00celes Marquises, Line Islands, Hawaiian Islands, Minami-tori Shima.<\/h4>\n<\/li>\n<\/ul>\n","protected":false},"featured_media":11964,"template":"","meta":[],"product_brand":[],"product_cat":[72],"product_tag":[3129,3325,3124,3323,3324,3131,3134],"class_list":{"0":"post-11963","1":"product","2":"type-product","3":"status-publish","4":"has-post-thumbnail","6":"product_cat-natical-charts-publications","7":"product_tag-admiralty","8":"product_tag-impa-code-370983","9":"product_tag-natical-charts-publications","10":"product_tag-np62","11":"product_tag-pacific-islands-pilot-vol-3","12":"product_tag-sailing-direction","13":"product_tag-ukho-publications","15":"first","16":"instock","17":"shipping-taxable","18":"product-type-simple"},"_links":{"self":[{"href":"https:\/\/flagship-eg.com\/site\/wp-json\/wp\/v2\/product\/11963","targetHints":{"allow":["GET"]}}],"collection":[{"href":"https:\/\/flagship-eg.com\/site\/wp-json\/wp\/v2\/product"}],"about":[{"href":"https:\/\/flagship-eg.com\/site\/wp-json\/wp\/v2\/types\/product"}],"wp:featuredmedia":[{"embeddable":true,"href":"https:\/\/flagship-eg.com\/site\/wp-json\/wp\/v2\/media\/11964"}],"wp:attachment":[{"href":"https:\/\/flagship-eg.com\/site\/wp-json\/wp\/v2\/media?parent=11963"}],"wp:term":[{"taxonomy":"product_brand","embeddable":true,"href":"https:\/\/flagship-eg.com\/site\/wp-json\/wp\/v2\/product_brand?post=11963"},{"taxonomy":"product_cat","embeddable":true,"href":"https:\/\/flagship-eg.com\/site\/wp-json\/wp\/v2\/product_cat?post=11963"},{"taxonomy":"product_tag","embeddable":true,"href":"https:\/\/flagship-eg.com\/site\/wp-json\/wp\/v2\/product_tag?post=11963"}],"curies":[{"name":"wp","href":"https:\/\/api.w.org\/{rel}","templated":true}]}}